{"id":5292,"date":"2026-04-22T15:06:11","date_gmt":"2026-04-22T15:06:11","guid":{"rendered":"https:\/\/nissparts.com\/?post_type=product&#038;p=5292"},"modified":"2026-04-25T12:52:17","modified_gmt":"2026-04-25T12:52:17","slug":"set-pistoane-r1-motor-zd30","status":"publish","type":"product","link":"https:\/\/nissparts.com\/en\/product\/set-pistoane-r1-motor-zd30\/","title":{"rendered":"SET PISTOANE R1 MOTOR ZD30"},"content":{"rendered":"<p><strong>PIESA MOTOR CALITATE NISSAN OE ORIGINAL<\/strong><\/p>\n<p><strong>SET 4 PISTOANE R1 +0,50mm + BOLTURI + SIGURANTE<\/strong><\/p>\n<p>&nbsp;<\/p>\n<p><strong>POTRIVESTE\u00a0 LA MOTOARELE 3000 ZD30 EURO4\/EURO5:<\/strong><\/p>\n<p><strong>NISSAN ATLEON 150 3000 2007-2013 ZD30<\/strong><\/p>\n<p><strong>NISSAN CABSTAR\/NT400 3000 ZD30<\/strong><\/p>\n<p><strong>NISSAN NT500 3000 2013-2020<\/strong><\/p>\n<p><strong>NISSAN PATROL 3000 ZD30<\/strong><\/p>\n<p><strong>RENAULT MAXITY 3000 ZD30<\/strong><\/p>\n<p><strong>RENAULT MASCOT 3000 ZD30<\/strong><\/p>\n<p><strong>OPEL MOVANO 3000<\/strong><\/p>\n<p>&nbsp;<\/p>\n<h4><strong>M\u0102RIMEA STANDARD R1 +0,50 SUPRADIMENSIONAT<\/strong><\/h4>\n<h4><strong>DIAMETRU PISTON: 96,50<\/strong><\/h4>\n<div class=\"col-auto\"><strong>\u00ceN\u0102LTIME CALOT\u0102 PISTON: 50,10<\/strong><\/div>\n<div class=\"col-auto\"><strong>DIAMETRU CAMER\u0102 PISTON: 53,00<\/strong><\/div>\n<div class=\"col-auto\"><strong>AD\u00c2NCIME CAMER\u0102 PISTON, -18,2<\/strong><\/div>\n<div class=\"col-auto\"><strong>LUNGIME PISTON: 78,10<\/strong><\/div>\n<div class=\"col-auto\"><strong>DIAMETRU BOLT PISTON: 33,00<\/strong><\/div>\n<div class=\"col-auto\"><strong>CANAL SEGMENT PISTON 1: &#8230;..2,5mm FOC SEMITRAPEZ<\/strong><\/div>\n<div class=\"col-auto\"><strong>CANAL SEGMENT PISTON 2: &#8230;..2,00mm COMPRESIE<\/strong><\/div>\n<div class=\"product-data row py-2 mr-0\">\n<h4 class=\"col-auto\"><strong>CANAL SEGMENT PISTON 3: &#8230;&#8230;2,00mm UNGERE<\/strong><\/h4>\n<\/div>\n<p>&nbsp;<\/p>\n<p>&nbsp;<\/p>\n<p>&nbsp;<\/p>\n<p>&nbsp;<\/p>\n<p>&nbsp;<\/p>","protected":false},"excerpt":{"rendered":"<p>PIESA MOTOR CALITATE NISSAN OE ORIGINAL SET 4 PISTOANE R1 +0,50mm + BOLTURI + SIGURANTE &nbsp; POTRIVESTE\u00a0 LA MOTOARELE 3000 ZD30 EURO4\/EURO5: NISSAN ATLEON 150 3000 2007-2013 ZD30 NISSAN CABSTAR\/NT400 3000 ZD30 NISSAN NT500 3000 2013-2020 NISSAN PATROL 3000 ZD30 RENAULT MAXITY 3000 ZD30 RENAULT MASCOT 3000 ZD30 OPEL MOVANO 3000 &nbsp; M\u0102RIMEA STANDARD R1 [&hellip;]<\/p>\n","protected":false},"featured_media":5275,"comment_status":"open","ping_status":"closed","template":"","meta":[],"product_brand":[],"product_cat":[35,38],"product_tag":[44],"class_list":{"0":"post-5292","1":"product","2":"type-product","3":"status-publish","4":"has-post-thumbnail","6":"product_cat-nissan-atleon-150-2007-2013","7":"product_cat-nissan-cabstar-renault-maxity-2007-2013","8":"product_tag-piese-motor","10":"first","11":"instock","12":"taxable","13":"shipping-taxable","14":"purchasable","15":"product-type-simple"},"_links":{"self":[{"href":"https:\/\/nissparts.com\/en\/wp-json\/wp\/v2\/product\/5292","targetHints":{"allow":["GET"]}}],"collection":[{"href":"https:\/\/nissparts.com\/en\/wp-json\/wp\/v2\/product"}],"about":[{"href":"https:\/\/nissparts.com\/en\/wp-json\/wp\/v2\/types\/product"}],"replies":[{"embeddable":true,"href":"https:\/\/nissparts.com\/en\/wp-json\/wp\/v2\/comments?post=5292"}],"wp:featuredmedia":[{"embeddable":true,"href":"https:\/\/nissparts.com\/en\/wp-json\/wp\/v2\/media\/5275"}],"wp:attachment":[{"href":"https:\/\/nissparts.com\/en\/wp-json\/wp\/v2\/media?parent=5292"}],"wp:term":[{"taxonomy":"product_brand","embeddable":true,"href":"https:\/\/nissparts.com\/en\/wp-json\/wp\/v2\/product_brand?post=5292"},{"taxonomy":"product_cat","embeddable":true,"href":"https:\/\/nissparts.com\/en\/wp-json\/wp\/v2\/product_cat?post=5292"},{"taxonomy":"product_tag","embeddable":true,"href":"https:\/\/nissparts.com\/en\/wp-json\/wp\/v2\/product_tag?post=5292"}],"curies":[{"name":"wp","href":"https:\/\/api.w.org\/{rel}","templated":true}]}}