{"id":5070,"date":"2026-03-11T06:00:01","date_gmt":"2026-03-11T06:00:01","guid":{"rendered":"https:\/\/nissparts.com\/?post_type=product&#038;p=5070"},"modified":"2026-03-11T06:00:01","modified_gmt":"2026-03-11T06:00:01","slug":"radiator-racire-atleon-140","status":"publish","type":"product","link":"https:\/\/nissparts.com\/en\/product\/radiator-racire-atleon-140\/","title":{"rendered":"RADIATOR R\u0102CIRE ATLEON 140"},"content":{"rendered":"<h3><strong>PIES\u0102 CALITATE ORIGINAL\u0102 NISSAN OE\u00a0<\/strong><\/h3>\n<h3><strong>FABRICAT DE MAHLE SPANIA\u00a0<\/strong><\/h3>\n<h3><strong>POTRIVE\u0218TE LA TOATE NISSANURILE ATLEON 7.5-12TONE<\/strong><\/h3>","protected":false},"excerpt":{"rendered":"<p>PIES\u0102 CALITATE ORIGINAL\u0102 NISSAN OE\u00a0 FABRICAT DE MAHLE SPANIA\u00a0 POTRIVE\u0218TE LA TOATE NISSANURILE ATLEON 7.5-12TONE<\/p>","protected":false},"featured_media":5078,"comment_status":"open","ping_status":"closed","template":"","meta":[],"product_brand":[],"product_cat":[53],"product_tag":[47],"class_list":{"0":"post-5070","1":"product","2":"type-product","3":"status-publish","4":"has-post-thumbnail","6":"product_cat-nissan-atleon-140-7-5tone-2000-2012","7":"product_tag-racire-incalzire","9":"first","10":"onbackorder","11":"taxable","12":"shipping-taxable","13":"purchasable","14":"product-type-simple"},"_links":{"self":[{"href":"https:\/\/nissparts.com\/en\/wp-json\/wp\/v2\/product\/5070","targetHints":{"allow":["GET"]}}],"collection":[{"href":"https:\/\/nissparts.com\/en\/wp-json\/wp\/v2\/product"}],"about":[{"href":"https:\/\/nissparts.com\/en\/wp-json\/wp\/v2\/types\/product"}],"replies":[{"embeddable":true,"href":"https:\/\/nissparts.com\/en\/wp-json\/wp\/v2\/comments?post=5070"}],"wp:featuredmedia":[{"embeddable":true,"href":"https:\/\/nissparts.com\/en\/wp-json\/wp\/v2\/media\/5078"}],"wp:attachment":[{"href":"https:\/\/nissparts.com\/en\/wp-json\/wp\/v2\/media?parent=5070"}],"wp:term":[{"taxonomy":"product_brand","embeddable":true,"href":"https:\/\/nissparts.com\/en\/wp-json\/wp\/v2\/product_brand?post=5070"},{"taxonomy":"product_cat","embeddable":true,"href":"https:\/\/nissparts.com\/en\/wp-json\/wp\/v2\/product_cat?post=5070"},{"taxonomy":"product_tag","embeddable":true,"href":"https:\/\/nissparts.com\/en\/wp-json\/wp\/v2\/product_tag?post=5070"}],"curies":[{"name":"wp","href":"https:\/\/api.w.org\/{rel}","templated":true}]}}