{"id":4320,"date":"2025-08-10T11:15:33","date_gmt":"2025-08-10T11:15:33","guid":{"rendered":"https:\/\/nissparts.com\/?post_type=product&#038;p=4320"},"modified":"2025-08-10T11:22:32","modified_gmt":"2025-08-10T11:22:32","slug":"senzor-debitmetru-volum-aer-zd30-yd25","status":"publish","type":"product","link":"https:\/\/nissparts.com\/en\/product\/senzor-debitmetru-volum-aer-zd30-yd25\/","title":{"rendered":"Senzor debitmetru volum aer ZD30\/YD25"},"content":{"rendered":"<blockquote>\n<h3><strong>***Debitmetru aer pentru motor 2500 \u0219i 3000 Euro 4\/5<\/strong><\/h3>\n<h3><strong style=\"font-size: 16px;\">Cod motor ZD30 110Kw anii 2006-2013***<\/strong><\/h3>\n<h3><strong style=\"font-size: 18.72px;\">Cod motor YD25 anii 2006-2013<\/strong><\/h3>\n<\/blockquote>\n<blockquote>\n<h3><strong>***V\u0102 SUGEREZ SCHIMBAREA VOLUNTARA A DEBITMETRULUI, CELE DE 20 ANI NU MAI FUNCTIONEAZA \u00ceN PARAMETRII DE FABRIC\u0102 \u0218I CREAZA UN CONSUM RIDICAT \u0218I SCADE PUTEREA MOTORULUI***<\/strong><\/h3>\n<\/blockquote>\n<h3><\/h3>","protected":false},"excerpt":{"rendered":"<p>***Debitmetru aer pentru motor 2500 \u0219i 3000 Euro 4\/5 Cod motor ZD30 110Kw anii 2006-2013*** Cod motor YD25 anii 2006-2013 ***V\u0102 SUGEREZ SCHIMBAREA VOLUNTARA A DEBITMETRULUI, CELE DE 20 ANI NU MAI FUNCTIONEAZA \u00ceN PARAMETRII DE FABRIC\u0102 \u0218I CREAZA UN CONSUM RIDICAT \u0218I SCADE PUTEREA MOTORULUI***<\/p>","protected":false},"featured_media":4303,"comment_status":"open","ping_status":"closed","template":"","meta":[],"product_brand":[],"product_cat":[35,38],"product_tag":[49,44],"class_list":{"0":"post-4320","1":"product","2":"type-product","3":"status-publish","4":"has-post-thumbnail","6":"product_cat-nissan-atleon-150-2007-2013","7":"product_cat-nissan-cabstar-renault-maxity-2007-2013","8":"product_tag-lumini-electrice","9":"product_tag-piese-motor","11":"first","12":"instock","13":"taxable","14":"shipping-taxable","15":"purchasable","16":"product-type-simple"},"_links":{"self":[{"href":"https:\/\/nissparts.com\/en\/wp-json\/wp\/v2\/product\/4320","targetHints":{"allow":["GET"]}}],"collection":[{"href":"https:\/\/nissparts.com\/en\/wp-json\/wp\/v2\/product"}],"about":[{"href":"https:\/\/nissparts.com\/en\/wp-json\/wp\/v2\/types\/product"}],"replies":[{"embeddable":true,"href":"https:\/\/nissparts.com\/en\/wp-json\/wp\/v2\/comments?post=4320"}],"wp:featuredmedia":[{"embeddable":true,"href":"https:\/\/nissparts.com\/en\/wp-json\/wp\/v2\/media\/4303"}],"wp:attachment":[{"href":"https:\/\/nissparts.com\/en\/wp-json\/wp\/v2\/media?parent=4320"}],"wp:term":[{"taxonomy":"product_brand","embeddable":true,"href":"https:\/\/nissparts.com\/en\/wp-json\/wp\/v2\/product_brand?post=4320"},{"taxonomy":"product_cat","embeddable":true,"href":"https:\/\/nissparts.com\/en\/wp-json\/wp\/v2\/product_cat?post=4320"},{"taxonomy":"product_tag","embeddable":true,"href":"https:\/\/nissparts.com\/en\/wp-json\/wp\/v2\/product_tag?post=4320"}],"curies":[{"name":"wp","href":"https:\/\/api.w.org\/{rel}","templated":true}]}}