{"id":3123,"date":"2025-02-23T21:00:45","date_gmt":"2025-02-23T21:00:45","guid":{"rendered":"https:\/\/nissparts.com\/?post_type=product&#038;p=3123"},"modified":"2025-02-23T21:03:43","modified_gmt":"2025-02-23T21:03:43","slug":"set-bucsa-biela-motor-4-0-6-0-b4-40-b6-60t","status":"publish","type":"product","link":"https:\/\/nissparts.com\/en\/product\/set-bucsa-biela-motor-4-0-6-0-b4-40-b6-60t\/","title":{"rendered":"Set bucsa biela motor 4.0\/6.0 B4.40 B6.60T"},"content":{"rendered":"<h3><strong>Set bucsi biela motor 4000\/6000cmc pentru Nissan Atleon 140, Eco-T135, L35-09, ECO-T160, B6.60T\u00a0<\/strong><\/h3>\n<h3>MAS\u0102 STANDARD [STD]<br \/>\nBUCATI 4<br \/>\n\u00ceN\u0102L\u021aIE [MM] 31.7<br \/>\nDIAMETRU EXTERIOR [MM] 42<br \/>\nDIAMETRU INTERIOR [MM] 38<br \/>\nGROSIME [MM] 2<\/h3>\n<h3><strong>110129X700<\/strong><br \/>\n<strong>120339X700<\/strong><br \/>\n<strong>701001640\u00a0<\/strong><br \/>\n<strong>9900348<\/strong><br \/>\n<strong>9900349\u00a0<\/strong><br \/>\n<strong>120339X700<\/strong><br \/>\n<strong>1203097X00<\/strong><br \/>\n<strong>120309X700\u00a0<\/strong><br \/>\n<strong>9900165<\/strong><br \/>\n<strong>9900258\u00a0<\/strong><br \/>\n<strong>707000531R<\/strong><\/h3>\n<h3><\/h3>\n","protected":false},"excerpt":{"rendered":"<p>Set bucsi biela motor 4000\/6000cmc pentru Nissan Atleon 140, Eco-T135, L35-09, ECO-T160, B6.60T\u00a0 MAS\u0102 STANDARD [STD] BUCATI 4 \u00ceN\u0102L\u021aIE [MM] 31.7 DIAMETRU EXTERIOR [MM] 42 DIAMETRU INTERIOR [MM] 38 GROSIME [MM] 2 110129X700 120339X700 701001640\u00a0 9900348 9900349\u00a0 120339X700 1203097X00 120309X700\u00a0 9900165 9900258\u00a0 707000531R<\/p>\n","protected":false},"featured_media":3100,"comment_status":"open","ping_status":"closed","template":"","meta":[],"product_brand":[],"product_cat":[53,40],"product_tag":[44],"class_list":{"0":"post-3123","1":"product","2":"type-product","3":"status-publish","4":"has-post-thumbnail","6":"product_cat-nissan-atleon-140-7-5tone-2000-2012","7":"product_cat-nissan-l35-eco-t-ebro-1990-2000","8":"product_tag-piese-motor","10":"first","11":"instock","12":"taxable","13":"shipping-taxable","14":"purchasable","15":"product-type-simple"},"_links":{"self":[{"href":"https:\/\/nissparts.com\/en\/wp-json\/wp\/v2\/product\/3123","targetHints":{"allow":["GET"]}}],"collection":[{"href":"https:\/\/nissparts.com\/en\/wp-json\/wp\/v2\/product"}],"about":[{"href":"https:\/\/nissparts.com\/en\/wp-json\/wp\/v2\/types\/product"}],"replies":[{"embeddable":true,"href":"https:\/\/nissparts.com\/en\/wp-json\/wp\/v2\/comments?post=3123"}],"wp:featuredmedia":[{"embeddable":true,"href":"https:\/\/nissparts.com\/en\/wp-json\/wp\/v2\/media\/3100"}],"wp:attachment":[{"href":"https:\/\/nissparts.com\/en\/wp-json\/wp\/v2\/media?parent=3123"}],"wp:term":[{"taxonomy":"product_brand","embeddable":true,"href":"https:\/\/nissparts.com\/en\/wp-json\/wp\/v2\/product_brand?post=3123"},{"taxonomy":"product_cat","embeddable":true,"href":"https:\/\/nissparts.com\/en\/wp-json\/wp\/v2\/product_cat?post=3123"},{"taxonomy":"product_tag","embeddable":true,"href":"https:\/\/nissparts.com\/en\/wp-json\/wp\/v2\/product_tag?post=3123"}],"curies":[{"name":"wp","href":"https:\/\/api.w.org\/{rel}","templated":true}]}}