{"id":2651,"date":"2025-01-19T21:43:10","date_gmt":"2025-01-19T21:43:10","guid":{"rendered":"https:\/\/nissparts.com\/?post_type=product&#038;p=2651"},"modified":"2025-04-30T08:57:41","modified_gmt":"2025-04-30T08:57:41","slug":"distribuitor-putere-de-franare-atleon","status":"publish","type":"product","link":"https:\/\/nissparts.com\/en\/product\/distribuitor-putere-de-franare-atleon\/","title":{"rendered":"REPARTITOR REGULATOR putere de fr\u00e2nare de la 2001"},"content":{"rendered":"<p><em><strong>Distribuitor fr\u00e2na, regulator putere fr\u00e2nare c\u00e2ntar Nissan Atleon\/Cabstar modele dupa anul 2002<\/strong><\/em><\/p>\n<p><em><strong>464009X50A<\/strong><\/em><br \/>\n<em><strong>464009X200<\/strong><\/em><br \/>\n<em><strong>464007F000<\/strong><\/em><br \/>\n<em><strong>464001F201<\/strong><\/em><br \/>\n<em><strong>464000F001<\/strong><\/em><\/p>","protected":false},"excerpt":{"rendered":"<p>Distribuitor fr\u00e2na, regulator putere fr\u00e2nare c\u00e2ntar Nissan Atleon\/Cabstar modele dupa anul 2002 464009X50A 464009X200 464007F000 464001F201 464000F001<\/p>","protected":false},"featured_media":2440,"comment_status":"open","ping_status":"closed","template":"","meta":[],"product_brand":[],"product_cat":[34,35,37,38],"product_tag":[46,41],"class_list":{"0":"post-2651","1":"product","2":"type-product","3":"status-publish","4":"has-post-thumbnail","6":"product_cat-nissan-atleon-120-30-2002-2006","7":"product_cat-nissan-atleon-150-2007-2013","8":"product_cat-nissan-cabstar-120-30-2002-2006","9":"product_cat-nissan-cabstar-renault-maxity-2007-2013","10":"product_tag-cabluri-furtune","11":"product_tag-frane","13":"first","14":"instock","15":"taxable","16":"shipping-taxable","17":"purchasable","18":"product-type-simple"},"_links":{"self":[{"href":"https:\/\/nissparts.com\/en\/wp-json\/wp\/v2\/product\/2651","targetHints":{"allow":["GET"]}}],"collection":[{"href":"https:\/\/nissparts.com\/en\/wp-json\/wp\/v2\/product"}],"about":[{"href":"https:\/\/nissparts.com\/en\/wp-json\/wp\/v2\/types\/product"}],"replies":[{"embeddable":true,"href":"https:\/\/nissparts.com\/en\/wp-json\/wp\/v2\/comments?post=2651"}],"wp:featuredmedia":[{"embeddable":true,"href":"https:\/\/nissparts.com\/en\/wp-json\/wp\/v2\/media\/2440"}],"wp:attachment":[{"href":"https:\/\/nissparts.com\/en\/wp-json\/wp\/v2\/media?parent=2651"}],"wp:term":[{"taxonomy":"product_brand","embeddable":true,"href":"https:\/\/nissparts.com\/en\/wp-json\/wp\/v2\/product_brand?post=2651"},{"taxonomy":"product_cat","embeddable":true,"href":"https:\/\/nissparts.com\/en\/wp-json\/wp\/v2\/product_cat?post=2651"},{"taxonomy":"product_tag","embeddable":true,"href":"https:\/\/nissparts.com\/en\/wp-json\/wp\/v2\/product_tag?post=2651"}],"curies":[{"name":"wp","href":"https:\/\/api.w.org\/{rel}","templated":true}]}}