{"id":2634,"date":"2025-01-19T16:02:04","date_gmt":"2025-01-19T16:02:04","guid":{"rendered":"https:\/\/nissparts.com\/?post_type=product&#038;p=2634"},"modified":"2026-03-20T11:56:58","modified_gmt":"2026-03-20T11:56:58","slug":"butuc-cu-disc-nissan-7-5-12tone","status":"publish","type":"product","link":"https:\/\/nissparts.com\/en\/product\/butuc-cu-disc-nissan-7-5-12tone\/","title":{"rendered":"Butuc cu disc Nissan 7.5-12Tone"},"content":{"rendered":"<p><strong>PIESA ORIGINALA OE NISSAN, dotat cu 6 prezoane si disc franare<\/strong><\/p>\n<p><strong>Potriveste la Nissanurile:<\/strong><\/p>\n<p><strong>Atleon 140, 80-14, 210 6.0<\/strong><br \/>\n<strong>Eco-T136, 160<\/strong><\/p>\n<p><strong>GROSIME DISC DE FRANA [MM] 30 <\/strong><br \/>\n<strong>DIAMETRU EXTERIOR [MM] 322 <\/strong><br \/>\n<strong>NUM\u0102R DE PREZOANE 6 <\/strong><br \/>\n<strong>DIAMETRU INTERIOR [MM] 160 <\/strong><br \/>\n<strong>\u00ceN\u0102L\u021aIME [MM] 115 <\/strong><br \/>\n<strong>POZI\u021aIA DE MONTARE AXEA FA\u021a\u0102-SPATE <\/strong><br \/>\n<strong>TIP DISC FRANA VENTILAT <\/strong><br \/>\n<strong>SI PENTRU VEHICULE CU ABS <\/strong><br \/>\n<strong>CANTITATE NECESAR\u0102 2<\/strong><\/p>\n","protected":false},"excerpt":{"rendered":"<p>PIESA ORIGINALA OE NISSAN, dotat cu 6 prezoane si disc franare Potriveste la Nissanurile: Atleon 140, 80-14, 210 6.0 Eco-T136, 160 GROSIME DISC DE FRANA [MM] 30 DIAMETRU EXTERIOR [MM] 322 NUM\u0102R DE PREZOANE 6 DIAMETRU INTERIOR [MM] 160 \u00ceN\u0102L\u021aIME [MM] 115 POZI\u021aIA DE MONTARE AXEA FA\u021a\u0102-SPATE TIP DISC FRANA VENTILAT SI PENTRU VEHICULE CU [&hellip;]<\/p>\n","protected":false},"featured_media":2639,"comment_status":"open","ping_status":"closed","template":"","meta":[],"product_brand":[],"product_cat":[53,40],"product_tag":[43,41,42],"class_list":{"0":"post-2634","1":"product","2":"type-product","3":"status-publish","4":"has-post-thumbnail","6":"product_cat-nissan-atleon-140-7-5tone-2000-2012","7":"product_cat-nissan-l35-eco-t-ebro-1990-2000","8":"product_tag-directie","9":"product_tag-frane","10":"product_tag-suspensie","12":"first","13":"instock","14":"taxable","15":"shipping-taxable","16":"purchasable","17":"product-type-simple"},"_links":{"self":[{"href":"https:\/\/nissparts.com\/en\/wp-json\/wp\/v2\/product\/2634","targetHints":{"allow":["GET"]}}],"collection":[{"href":"https:\/\/nissparts.com\/en\/wp-json\/wp\/v2\/product"}],"about":[{"href":"https:\/\/nissparts.com\/en\/wp-json\/wp\/v2\/types\/product"}],"replies":[{"embeddable":true,"href":"https:\/\/nissparts.com\/en\/wp-json\/wp\/v2\/comments?post=2634"}],"wp:featuredmedia":[{"embeddable":true,"href":"https:\/\/nissparts.com\/en\/wp-json\/wp\/v2\/media\/2639"}],"wp:attachment":[{"href":"https:\/\/nissparts.com\/en\/wp-json\/wp\/v2\/media?parent=2634"}],"wp:term":[{"taxonomy":"product_brand","embeddable":true,"href":"https:\/\/nissparts.com\/en\/wp-json\/wp\/v2\/product_brand?post=2634"},{"taxonomy":"product_cat","embeddable":true,"href":"https:\/\/nissparts.com\/en\/wp-json\/wp\/v2\/product_cat?post=2634"},{"taxonomy":"product_tag","embeddable":true,"href":"https:\/\/nissparts.com\/en\/wp-json\/wp\/v2\/product_tag?post=2634"}],"curies":[{"name":"wp","href":"https:\/\/api.w.org\/{rel}","templated":true}]}}