{"id":2595,"date":"2025-01-05T23:32:01","date_gmt":"2025-01-05T23:32:01","guid":{"rendered":"https:\/\/nissparts.com\/?post_type=product&#038;p=2595"},"modified":"2026-02-17T11:31:11","modified_gmt":"2026-02-17T11:31:11","slug":"schimbator-caldura-radiator-habitaclu","status":"publish","type":"product","link":"https:\/\/nissparts.com\/en\/product\/schimbator-caldura-radiator-habitaclu\/","title":{"rendered":"RADIATOR C\u0102LDUR\u0102 ATLEON DUP\u0102 2007"},"content":{"rendered":"<h3>PIES\u0102 ORIGINAL\u0102 NISSAN OE<\/h3>\n<h3><strong>Potriveste doar la Nissan Atleon 2007-2013<\/strong><\/h3>\n<h3><span style=\"font-size: 16px;\">La piese r\u0103cire \u00eenc\u0103lzire avem \u0219i PENTRU Atleon 2000-2006<\/span><\/h3>\n<h3><\/h3>\n<table class=\"datatable datatable--inverse datatable--inversebold\">\n<tbody>\n<tr class=\"datatable__rowtd\">\n<td class=\"datatable__item\"><strong>Inaltime<\/strong><\/td>\n<td class=\"datatable__item datatable__item--wrapped\"><strong><span class=\"productfeatures__valueitem is-editmode\"><a class=\"productfeatures__linkfeature\" href=\"https:\/\/ro.e-cat.intercars.eu\/ro\/Oferta-completa\/%C3%8Enc%C4%83lzire-Ventilare-Aer-condi%C5%A3ionat\/%C3%8Enc%C4%83lzire-Ventilare\/%C3%8Enc%C4%83lzitor-elemente\/Schimbator-caldura%2C-incalzire-habitaclu\/c\/tecdoc-7700000-7712000-7712030-genart_467?q=%3Adefault%3Aicgoods_1540%3A145.0\">145.0 mm<\/a><\/span><\/strong><\/td>\n<\/tr>\n<tr class=\"datatable__rowtd\">\n<td class=\"datatable__item\"><strong>Latime<\/strong><\/td>\n<td class=\"datatable__item datatable__item--wrapped\"><strong><span class=\"productfeatures__valueitem is-editmode\"><a class=\"productfeatures__linkfeature\" href=\"https:\/\/ro.e-cat.intercars.eu\/ro\/Oferta-completa\/%C3%8Enc%C4%83lzire-Ventilare-Aer-condi%C5%A3ionat\/%C3%8Enc%C4%83lzire-Ventilare\/%C3%8Enc%C4%83lzitor-elemente\/Schimbator-caldura%2C-incalzire-habitaclu\/c\/tecdoc-7700000-7712000-7712030-genart_467?q=%3Adefault%3Aicgoods_954%3A165.0\">165.0 mm<\/a><\/span><\/strong><\/td>\n<\/tr>\n<tr class=\"datatable__rowtd\">\n<td class=\"datatable__item\"><strong>Grosime<\/strong><\/td>\n<td class=\"datatable__item datatable__item--wrapped\"><strong><span class=\"productfeatures__valueitem is-editmode\"><a class=\"productfeatures__linkfeature\" href=\"https:\/\/ro.e-cat.intercars.eu\/ro\/Oferta-completa\/%C3%8Enc%C4%83lzire-Ventilare-Aer-condi%C5%A3ionat\/%C3%8Enc%C4%83lzire-Ventilare\/%C3%8Enc%C4%83lzitor-elemente\/Schimbator-caldura%2C-incalzire-habitaclu\/c\/tecdoc-7700000-7712000-7712030-genart_467?q=%3Adefault%3Aicgoods_1519%3A32.0\">32.0 mm<\/a><\/span><\/strong><\/td>\n<\/tr>\n<\/tbody>\n<\/table>","protected":false},"excerpt":{"rendered":"<p>PIES\u0102 ORIGINAL\u0102 NISSAN OE Potriveste doar la Nissan Atleon 2007-2013 La piese r\u0103cire \u00eenc\u0103lzire avem \u0219i PENTRU Atleon 2000-2006 Inaltime 145.0 mm Latime 165.0 mm Grosime 32.0 mm<\/p>","protected":false},"featured_media":2416,"comment_status":"open","ping_status":"closed","template":"","meta":[],"product_brand":[],"product_cat":[35],"product_tag":[47],"class_list":{"0":"post-2595","1":"product","2":"type-product","3":"status-publish","4":"has-post-thumbnail","6":"product_cat-nissan-atleon-150-2007-2013","7":"product_tag-racire-incalzire","9":"first","10":"onbackorder","11":"taxable","12":"shipping-taxable","13":"purchasable","14":"product-type-simple"},"_links":{"self":[{"href":"https:\/\/nissparts.com\/en\/wp-json\/wp\/v2\/product\/2595","targetHints":{"allow":["GET"]}}],"collection":[{"href":"https:\/\/nissparts.com\/en\/wp-json\/wp\/v2\/product"}],"about":[{"href":"https:\/\/nissparts.com\/en\/wp-json\/wp\/v2\/types\/product"}],"replies":[{"embeddable":true,"href":"https:\/\/nissparts.com\/en\/wp-json\/wp\/v2\/comments?post=2595"}],"wp:featuredmedia":[{"embeddable":true,"href":"https:\/\/nissparts.com\/en\/wp-json\/wp\/v2\/media\/2416"}],"wp:attachment":[{"href":"https:\/\/nissparts.com\/en\/wp-json\/wp\/v2\/media?parent=2595"}],"wp:term":[{"taxonomy":"product_brand","embeddable":true,"href":"https:\/\/nissparts.com\/en\/wp-json\/wp\/v2\/product_brand?post=2595"},{"taxonomy":"product_cat","embeddable":true,"href":"https:\/\/nissparts.com\/en\/wp-json\/wp\/v2\/product_cat?post=2595"},{"taxonomy":"product_tag","embeddable":true,"href":"https:\/\/nissparts.com\/en\/wp-json\/wp\/v2\/product_tag?post=2595"}],"curies":[{"name":"wp","href":"https:\/\/api.w.org\/{rel}","templated":true}]}}