{"id":2015,"date":"2024-12-01T10:34:47","date_gmt":"2024-12-01T10:34:47","guid":{"rendered":"https:\/\/nissparts.com\/?post_type=product&#038;p=2015"},"modified":"2025-01-19T22:43:17","modified_gmt":"2025-01-19T22:43:17","slug":"fulie-arbore-cotit-motor-25yd","status":"publish","type":"product","link":"https:\/\/nissparts.com\/en\/product\/fulie-arbore-cotit-motor-25yd\/","title":{"rendered":"Fulie arbore cotit motor YD25"},"content":{"rendered":"<table>\n<tbody>\n<tr>\n<th>Lungime<\/th>\n<td>20,40<\/td>\n<\/tr>\n<tr>\n<th>\u00cen\u0103l\u0163ime<\/th>\n<td>13,40<\/td>\n<\/tr>\n<tr>\n<th>Greutate<\/th>\n<td>3,11<\/td>\n<\/tr>\n<tr>\n<th>L\u0103\u0163ime<\/th>\n<td>20,00<\/td>\n<\/tr>\n<tr>\n<th>Height<\/th>\n<td>11,0<\/td>\n<\/tr>\n<tr>\n<th>Length<\/th>\n<td>22,0<\/td>\n<\/tr>\n<tr>\n<th>Width<\/th>\n<td>20,0<\/td>\n<\/tr>\n<tr>\n<th>Weight<\/th>\n<td>3,16<\/td>\n<\/tr>\n<tr>\n<th>Num\u0103r de stria\u021bii 1<\/th>\n<td>7<\/td>\n<\/tr>\n<tr>\n<th>Num\u0103r de stria\u021bii 2<\/th>\n<td>4<\/td>\n<\/tr>\n<tr>\n<th>Diametru exterior [mm]<\/th>\n<td>171 mm<\/td>\n<\/tr>\n<tr>\n<th>Diametru interior [mm]<\/th>\n<td>30 mm<\/td>\n<\/tr>\n<tr>\n<th>\u00cenaltime [mm]<\/th>\n<td>94 mm<\/td>\n<\/tr>\n<tr>\n<th>Role<\/th>\n<td>Fulie curea dubla<\/td>\n<\/tr>\n<\/tbody>\n<\/table>\n","protected":false},"excerpt":{"rendered":"<p>Lungime 20,40 \u00cen\u0103l\u0163ime 13,40 Greutate 3,11 L\u0103\u0163ime 20,00 Height 11,0 Length 22,0 Width 20,0 Weight 3,16 Num\u0103r de stria\u021bii 1 7 Num\u0103r de stria\u021bii 2 4 Diametru exterior [mm] 171 mm Diametru interior [mm] 30 mm \u00cenaltime [mm] 94 mm Role Fulie curea dubla<\/p>\n","protected":false},"featured_media":2018,"comment_status":"open","ping_status":"closed","template":"","meta":[],"product_brand":[],"product_cat":[38],"product_tag":[44],"class_list":{"0":"post-2015","1":"product","2":"type-product","3":"status-publish","4":"has-post-thumbnail","6":"product_cat-nissan-cabstar-renault-maxity-2007-2013","7":"product_tag-piese-motor","9":"first","10":"instock","11":"taxable","12":"shipping-taxable","13":"purchasable","14":"product-type-simple"},"_links":{"self":[{"href":"https:\/\/nissparts.com\/en\/wp-json\/wp\/v2\/product\/2015","targetHints":{"allow":["GET"]}}],"collection":[{"href":"https:\/\/nissparts.com\/en\/wp-json\/wp\/v2\/product"}],"about":[{"href":"https:\/\/nissparts.com\/en\/wp-json\/wp\/v2\/types\/product"}],"replies":[{"embeddable":true,"href":"https:\/\/nissparts.com\/en\/wp-json\/wp\/v2\/comments?post=2015"}],"wp:featuredmedia":[{"embeddable":true,"href":"https:\/\/nissparts.com\/en\/wp-json\/wp\/v2\/media\/2018"}],"wp:attachment":[{"href":"https:\/\/nissparts.com\/en\/wp-json\/wp\/v2\/media?parent=2015"}],"wp:term":[{"taxonomy":"product_brand","embeddable":true,"href":"https:\/\/nissparts.com\/en\/wp-json\/wp\/v2\/product_brand?post=2015"},{"taxonomy":"product_cat","embeddable":true,"href":"https:\/\/nissparts.com\/en\/wp-json\/wp\/v2\/product_cat?post=2015"},{"taxonomy":"product_tag","embeddable":true,"href":"https:\/\/nissparts.com\/en\/wp-json\/wp\/v2\/product_tag?post=2015"}],"curies":[{"name":"wp","href":"https:\/\/api.w.org\/{rel}","templated":true}]}}