{"id":28,"date":"2024-08-11T10:33:18","date_gmt":"2024-08-11T10:33:18","guid":{"rendered":"https:\/\/nissparts.com\/cart\/"},"modified":"2024-10-22T15:25:45","modified_gmt":"2024-10-22T15:25:45","slug":"cart","status":"publish","type":"page","link":"https:\/\/nissparts.com\/en\/cart\/","title":{"rendered":"Co\u0219ul t\u0103u"},"content":{"rendered":"<style>.elementor-28 .elementor-element.elementor-element-61b7f54{--update-cart-automatically-display:none;--sections-title-color:var( --e-global-color-primary );--links-normal-color:var( --e-global-color-primary );--links-hover-color:var( --e-global-color-accent );--order-summary-color:var( --e-global-color-primary );--totals-color:var( --e-global-color-primary );--checkout-button-normal-text-color:#FFFFFF;}.elementor-28 .elementor-element.elementor-element-61b7f54 {--sections-descriptions-color:var( --e-global-color-primary );}.elementor-28 .elementor-element.elementor-element-61b7f54 .woocommerce-cart-form{--order-summary-title-color:var( --e-global-color-primary );}.elementor-28 .elementor-element.elementor-element-61b7f54 .woocommerce .wc-proceed-to-checkout .checkout-button{background-color:var( --e-global-color-primary );}.elementor-28 .elementor-element.elementor-element-61b7f54 .woocommerce .wc-proceed-to-checkout .checkout-button:hover{background-color:#6EB363;}.elementor-28 .elementor-element.elementor-element-61b7f54 .coupon{--sections-border-type:none;}<\/style>\t\t<div data-elementor-type=\"wp-page\" data-elementor-id=\"28\" class=\"elementor elementor-28\" data-elementor-post-type=\"page\">\n\t\t\t\t\t\t<section class=\"has_eae_slider elementor-section elementor-top-section elementor-element elementor-element-e07194c elementor-section-boxed elementor-section-height-default elementor-section-height-default\" data-eae-slider=\"61021\" data-id=\"e07194c\" data-element_type=\"section\" data-e-type=\"section\">\n\t\t\t\t\t\t<div class=\"elementor-container elementor-column-gap-default\">\n\t\t\t\t\t<div class=\"has_eae_slider elementor-column elementor-col-100 elementor-top-column elementor-element elementor-element-cd7001c\" data-eae-slider=\"17370\" data-id=\"cd7001c\" data-element_type=\"column\" data-e-type=\"column\">\n\t\t\t<div class=\"elementor-widget-wrap elementor-element-populated\">\n\t\t\t\t\t\t\t<\/div>\n\t\t<\/div>\n\t\t\t\t\t<\/div>\n\t\t<\/section>\n\t\t\t\t<\/div>","protected":false},"excerpt":{"rendered":"<p>Co\u0219ului t\u0103u \u00eei lipsesc \u00eenc\u0103 389.70 RON pentru a putea pl\u0103ti \u00een 3 sau 4 rate prin ! Vezi detalii \u00cenl\u0103tur\u0103 produsul Imagine miniatur\u0103 Produs Pre\u021b Cantitate Sub-total &times; Masinu\u021b\u0103 pentru copii de 3-5 ani, cu telecomanda la care se adauga baterii AA care nu sunt incluse 20.00&nbsp;lei Cantitate Masinu\u021b\u0103 pentru copii de 3-5 ani, [&hellip;]<\/p>\n","protected":false},"author":1,"featured_media":0,"parent":0,"menu_order":0,"comment_status":"closed","ping_status":"closed","template":"","meta":{"footnotes":""},"class_list":["post-28","page","type-page","status-publish","hentry"],"_links":{"self":[{"href":"https:\/\/nissparts.com\/en\/wp-json\/wp\/v2\/pages\/28","targetHints":{"allow":["GET"]}}],"collection":[{"href":"https:\/\/nissparts.com\/en\/wp-json\/wp\/v2\/pages"}],"about":[{"href":"https:\/\/nissparts.com\/en\/wp-json\/wp\/v2\/types\/page"}],"author":[{"embeddable":true,"href":"https:\/\/nissparts.com\/en\/wp-json\/wp\/v2\/users\/1"}],"replies":[{"embeddable":true,"href":"https:\/\/nissparts.com\/en\/wp-json\/wp\/v2\/comments?post=28"}],"version-history":[{"count":16,"href":"https:\/\/nissparts.com\/en\/wp-json\/wp\/v2\/pages\/28\/revisions"}],"predecessor-version":[{"id":863,"href":"https:\/\/nissparts.com\/en\/wp-json\/wp\/v2\/pages\/28\/revisions\/863"}],"wp:attachment":[{"href":"https:\/\/nissparts.com\/en\/wp-json\/wp\/v2\/media?parent=28"}],"curies":[{"name":"wp","href":"https:\/\/api.w.org\/{rel}","templated":true}]}}